{"id":31,"date":"2020-04-20T23:59:08","date_gmt":"2020-04-21T02:59:08","guid":{"rendered":"http:\/\/rhsenior.com.br\/curso-online\/?post_type=product&#038;p=31"},"modified":"2022-09-13T18:40:52","modified_gmt":"2022-09-13T21:40:52","slug":"curso-online-de-consultoria-em-cargos-e-salarios","status":"publish","type":"product","link":"https:\/\/rhsenior.com.br\/curso-online\/produto\/curso-online-de-consultoria-em-cargos-e-salarios\/","title":{"rendered":"Curso Online de Consultoria em Cargos e Sal\u00e1rios"},"content":{"rendered":"","protected":false},"excerpt":{"rendered":"<p>Aplicar as ferramentas de cargos e sal\u00e1rios, visando a praticidade operacional do desenvolvimento dos processos de um setor de RH. Conhecer as principais etapas da Implanta\u00e7\u00e3o e conhecer as t\u00e9cnicas mais utilizadas nesses processos.<\/p>\n","protected":false},"featured_media":131,"template":"","meta":[],"product_brand":[],"product_cat":[100],"product_tag":[],"class_list":{"0":"post-31","1":"product","2":"type-product","3":"status-publish","4":"has-post-thumbnail","6":"product_cat-cargos-e-salarios","8":"first","9":"instock","10":"sold-individually","11":"shipping-taxable","12":"purchasable","13":"product-type-simple"},"_links":{"self":[{"href":"https:\/\/rhsenior.com.br\/curso-online\/wp-json\/wp\/v2\/product\/31","targetHints":{"allow":["GET"]}}],"collection":[{"href":"https:\/\/rhsenior.com.br\/curso-online\/wp-json\/wp\/v2\/product"}],"about":[{"href":"https:\/\/rhsenior.com.br\/curso-online\/wp-json\/wp\/v2\/types\/product"}],"wp:featuredmedia":[{"embeddable":true,"href":"https:\/\/rhsenior.com.br\/curso-online\/wp-json\/wp\/v2\/media\/131"}],"wp:attachment":[{"href":"https:\/\/rhsenior.com.br\/curso-online\/wp-json\/wp\/v2\/media?parent=31"}],"wp:term":[{"taxonomy":"product_brand","embeddable":true,"href":"https:\/\/rhsenior.com.br\/curso-online\/wp-json\/wp\/v2\/product_brand?post=31"},{"taxonomy":"product_cat","embeddable":true,"href":"https:\/\/rhsenior.com.br\/curso-online\/wp-json\/wp\/v2\/product_cat?post=31"},{"taxonomy":"product_tag","embeddable":true,"href":"https:\/\/rhsenior.com.br\/curso-online\/wp-json\/wp\/v2\/product_tag?post=31"}],"curies":[{"name":"wp","href":"https:\/\/api.w.org\/{rel}","templated":true}]}}