{"id":30,"date":"2020-04-20T14:23:25","date_gmt":"2020-04-20T17:23:25","guid":{"rendered":"http:\/\/rhsenior.com.br\/curso-online\/index.php\/home\/"},"modified":"2020-10-16T11:37:09","modified_gmt":"2020-10-16T14:37:09","slug":"home","status":"publish","type":"page","link":"https:\/\/rhsenior.com.br\/curso-online\/","title":{"rendered":"Home"},"content":{"rendered":"<div class=\"wpb-content-wrapper\"><p>[vc_row css=&#8221;.vc_custom_1587586275832{margin-bottom: 80px !important;}&#8221;][vc_column]\n\t\t\t<!-- START curso REVOLUTION SLIDER 6.7.18 --><p class=\"rs-p-wp-fix\"><\/p>\n\t\t\t<rs-module-wrap id=\"rev_slider_1_1_wrapper\" data-source=\"gallery\" style=\"visibility:hidden;background:rgba(0,69,119,0);padding:0;margin:0px auto;margin-top:0;margin-bottom:0;\">\n\t\t\t\t<rs-module id=\"rev_slider_1_1\" style=\"\" data-version=\"6.7.18\">\n\t\t\t\t\t<rs-slides style=\"overflow: hidden; position: absolute;\">\n\t\t\t\t\t\t<rs-slide style=\"position: absolute;\" data-key=\"rs-1\" data-title=\"Slide\" data-anim=\"ms:1600;\" data-in=\"o:0;\" data-out=\"a:false;\">\n\t\t\t\t\t\t\t<img decoding=\"async\" src=\"\/\/rhsenior.com.br\/curso-online\/wp-content\/plugins\/revslider\/sr6\/assets\/assets\/dummy.png\" alt=\"\" title=\"Home\" class=\"rev-slidebg tp-rs-img rs-lazyload\" data-lazyload=\"\/\/rhsenior.com.br\/curso-online\/wp-content\/uploads\/2020\/04\/fundo_banner-scaled.jpg\" data-no-retina>\n<!--\n\t\t\t\t\t\t\t--><rs-layer\n\t\t\t\t\t\t\t\tid=\"slider-1-slide-1-layer-1\" \n\t\t\t\t\t\t\t\tdata-type=\"text\"\n\t\t\t\t\t\t\t\tdata-rsp_ch=\"on\"\n\t\t\t\t\t\t\t\tdata-xy=\"x:c;xo:291px,291px,291px,0;y:m;yo:-167px,-167px,-167px,-151px;\"\n\t\t\t\t\t\t\t\tdata-text=\"s:30;l:30;a:inherit;\"\n\t\t\t\t\t\t\t\tdata-frame_0=\"y:-50px;\"\n\t\t\t\t\t\t\t\tdata-frame_1=\"st:1190;sp:500;sR:1190;\"\n\t\t\t\t\t\t\t\tdata-frame_999=\"o:0;st:w;sR:7310;\"\n\t\t\t\t\t\t\t\tstyle=\"z-index:6;font-family:'Fjalla One';\"\n\t\t\t\t\t\t\t>CURSO ONLINE COM AULAS AO VIVO \n\t\t\t\t\t\t\t<\/rs-layer><!--\n\n\t\t\t\t\t\t\t--><rs-layer\n\t\t\t\t\t\t\t\tid=\"slider-1-slide-1-layer-3\" \n\t\t\t\t\t\t\t\tclass=\"tp-shape tp-shapewrapper\"\n\t\t\t\t\t\t\t\tdata-type=\"shape\"\n\t\t\t\t\t\t\t\tdata-rsp_ch=\"on\"\n\t\t\t\t\t\t\t\tdata-xy=\"x:r,r,r,c;xo:100px,100px,100px,0;y:m;\"\n\t\t\t\t\t\t\t\tdata-text=\"a:inherit;\"\n\t\t\t\t\t\t\t\tdata-dim=\"w:450px;h:420px,420px,420px,480px;\"\n\t\t\t\t\t\t\t\tdata-border=\"bor:10px,10px,10px,10px;\"\n\t\t\t\t\t\t\t\tdata-frame_0=\"x:50px;\"\n\t\t\t\t\t\t\t\tdata-frame_1=\"st:640;sp:500;sR:640;\"\n\t\t\t\t\t\t\t\tdata-frame_999=\"o:0;st:w;sR:7860;\"\n\t\t\t\t\t\t\t\tstyle=\"z-index:5;background-color:rgba(59,56,56,0.38);\"\n\t\t\t\t\t\t\t> \n\t\t\t\t\t\t\t<\/rs-layer><!--\n\n\t\t\t\t\t\t\t--><rs-layer\n\t\t\t\t\t\t\t\tid=\"slider-1-slide-1-layer-4\" \n\t\t\t\t\t\t\t\tdata-type=\"text\"\n\t\t\t\t\t\t\t\tdata-color=\"#ffcc00\"\n\t\t\t\t\t\t\t\tdata-rsp_ch=\"on\"\n\t\t\t\t\t\t\t\tdata-xy=\"x:c;xo:292px,292px,292px,0;y:m;yo:-116px,-116px,-116px,-101px;\"\n\t\t\t\t\t\t\t\tdata-text=\"s:60;l:60;ls:-3px;a:inherit;\"\n\t\t\t\t\t\t\t\tdata-frame_0=\"sX:0.9;sY:0.9;\"\n\t\t\t\t\t\t\t\tdata-frame_1=\"st:1720;sp:1500;sR:1720;\"\n\t\t\t\t\t\t\t\tdata-frame_999=\"o:0;st:w;sR:5780;\"\n\t\t\t\t\t\t\t\tstyle=\"z-index:7;font-family:'Unica One';\"\n\t\t\t\t\t\t\t>Cargos e Sal\u00e1rios \n\t\t\t\t\t\t\t<\/rs-layer><!--\n\n\t\t\t\t\t\t\t--><rs-layer\n\t\t\t\t\t\t\t\tid=\"slider-1-slide-1-layer-5\" \n\t\t\t\t\t\t\t\tdata-type=\"text\"\n\t\t\t\t\t\t\t\tdata-rsp_ch=\"on\"\n\t\t\t\t\t\t\t\tdata-xy=\"x:c;xo:293px,293px,293px,0;y:m;yo:-46px,-46px,-46px,-36px;\"\n\t\t\t\t\t\t\t\tdata-text=\"w:normal;s:17;l:19,19,19,26;ls:1px,1px,1px,2px;fw:200;a:center;\"\n\t\t\t\t\t\t\t\tdata-dim=\"w:399px;\"\n\t\t\t\t\t\t\t\tdata-frame_0=\"x:100%;o:1;\"\n\t\t\t\t\t\t\t\tdata-frame_0_mask=\"u:t;\"\n\t\t\t\t\t\t\t\tdata-frame_1=\"st:2250;sp:1500;sR:2250;\"\n\t\t\t\t\t\t\t\tdata-frame_1_mask=\"u:t;\"\n\t\t\t\t\t\t\t\tdata-frame_999=\"o:0;st:w;sR:5250;\"\n\t\t\t\t\t\t\t\tstyle=\"z-index:8;font-family:'Oswald';\"\n\t\t\t\t\t\t\t>Aprenda a aplicar as ferramentas de cargos e sal\u00e1rios, visando a praticidade operacional do desenvolvimento dos processos de um setor de RH. \n\t\t\t\t\t\t\t<\/rs-layer><!--\n\n\t\t\t\t\t\t\t--><rs-layer\n\t\t\t\t\t\t\t\tid=\"slider-1-slide-1-layer-6\" \n\t\t\t\t\t\t\t\tdata-type=\"text\"\n\t\t\t\t\t\t\t\tdata-color=\"#007aff\"\n\t\t\t\t\t\t\t\tdata-rsp_ch=\"on\"\n\t\t\t\t\t\t\t\tdata-xy=\"x:c;xo:294px,294px,294px,0;y:m;yo:16px,16px,16px,27px;\"\n\t\t\t\t\t\t\t\tdata-text=\"w:normal;s:17;l:30;a:center;\"\n\t\t\t\t\t\t\t\tdata-dim=\"w:399px;\"\n\t\t\t\t\t\t\t\tdata-frame_0=\"x:-100%;o:1;\"\n\t\t\t\t\t\t\t\tdata-frame_0_mask=\"u:t;\"\n\t\t\t\t\t\t\t\tdata-frame_1=\"st:2250;sp:1500;sR:2250;\"\n\t\t\t\t\t\t\t\tdata-frame_1_mask=\"u:t;\"\n\t\t\t\t\t\t\t\tdata-frame_999=\"o:0;st:w;sR:5250;\"\n\t\t\t\t\t\t\t\tstyle=\"z-index:9;font-family:'Oswald';\"\n\t\t\t\t\t\t\t>Uma metodologia completa e moderna que privilegia a pr\u00e1tica. \n\t\t\t\t\t\t\t<\/rs-layer><!--\n\n\t\t\t\t\t\t\t--><rs-layer\n\t\t\t\t\t\t\t\tid=\"slider-1-slide-1-layer-7\" \n\t\t\t\t\t\t\t\tdata-type=\"text\"\n\t\t\t\t\t\t\t\tdata-color=\"#ffcc00\"\n\t\t\t\t\t\t\t\tdata-rsp_ch=\"on\"\n\t\t\t\t\t\t\t\tdata-xy=\"x:c;xo:293px,293px,293px,0;y:m;yo:90px;\"\n\t\t\t\t\t\t\t\tdata-text=\"s:40;l:60;a:inherit;\"\n\t\t\t\t\t\t\t\tdata-frame_1=\"st:3120;sR:3120;\"\n\t\t\t\t\t\t\t\tdata-frame_999=\"o:0;st:w;sR:5580;\"\n\t\t\t\t\t\t\t\tstyle=\"z-index:11;font-family:'Fjalla One';\"\n\t\t\t\t\t\t\t>5x de <small>R$<\/small>198 \n\t\t\t\t\t\t\t<\/rs-layer><!--\n\n\t\t\t\t\t\t\t--><rs-layer\n\t\t\t\t\t\t\t\tid=\"slider-1-slide-1-layer-8\" \n\t\t\t\t\t\t\t\tdata-type=\"text\"\n\t\t\t\t\t\t\t\tdata-rsp_ch=\"on\"\n\t\t\t\t\t\t\t\tdata-xy=\"x:c;xo:291px,291px,291px,0;y:m;yo:53px;\"\n\t\t\t\t\t\t\t\tdata-text=\"w:normal;s:15;l:15;ls:3px;a:center;\"\n\t\t\t\t\t\t\t\tdata-dim=\"w:176px;h:16px;\"\n\t\t\t\t\t\t\t\tdata-frame_1=\"st:2790;sR:2790;\"\n\t\t\t\t\t\t\t\tdata-frame_999=\"o:0;st:w;sR:5910;\"\n\t\t\t\t\t\t\t\tstyle=\"z-index:10;font-family:'Oswald';\"\n\t\t\t\t\t\t\t>por apenas: \n\t\t\t\t\t\t\t<\/rs-layer><!--\n\n\t\t\t\t\t\t\t--><a\n\t\t\t\t\t\t\t\tid=\"slider-1-slide-1-layer-9\" \n\t\t\t\t\t\t\t\tclass=\"rs-layer rev-btn\"\n\t\t\t\t\t\t\t\thref=\"https:\/\/rhsenior.com.br\/curso-online\/carrinho\/?add-to-cart=31\" target=\"_self\"\n\t\t\t\t\t\t\t\tdata-type=\"button\"\n\t\t\t\t\t\t\t\tdata-color=\"rgba(255,255,255,1)\"\n\t\t\t\t\t\t\t\tdata-xy=\"x:l,l,l,c;xo:798px,798px,798px,0;y:t,t,t,b;yo:374px,374px,374px,98px;\"\n\t\t\t\t\t\t\t\tdata-text=\"s:30;l:34;ls:4px;fw:500;a:inherit;\"\n\t\t\t\t\t\t\t\tdata-rsp_bd=\"off\"\n\t\t\t\t\t\t\t\tdata-padding=\"t:12;r:35;b:12;l:35;\"\n\t\t\t\t\t\t\t\tdata-border=\"bor:3px,3px,3px,3px;\"\n\t\t\t\t\t\t\t\tdata-frame_0=\"y:100%;\"\n\t\t\t\t\t\t\t\tdata-frame_1=\"e:power4.inOut;st:3460;sp:2000;sR:3460;\"\n\t\t\t\t\t\t\t\tdata-frame_999=\"o:0;st:w;sR:3540;\"\n\t\t\t\t\t\t\t\tdata-frame_hover=\"bgc:#dd9b00;boc:#000;bor:3px,3px,3px,3px;bos:solid;oX:50;oY:50;sp:0;e:none;\"\n\t\t\t\t\t\t\t\tstyle=\"z-index:12;background-color:#e0ac00;font-family:'Oswald';cursor:pointer;outline:none;box-shadow:none;box-sizing:border-box;-moz-box-sizing:border-box;-webkit-box-sizing:border-box;\"\n\t\t\t\t\t\t\t>COMPRE J\u00c1 \n\t\t\t\t\t\t\t<\/a><!--\n-->\t\t\t\t\t<\/rs-slide>\n\t\t\t\t\t<\/rs-slides>\n\t\t\t\t<\/rs-module>\n\t\t\t\t<script>\n\t\t\t\t\tsetREVStartSize({c: 'rev_slider_1_1',rl:[1240,1240,1240,480],el:[480,480,480,600],gw:[1240,1240,1240,480],gh:[480,480,480,600],type:'standard',justify:'',layout:'fullwidth',mh:\"0\"});if (window.RS_MODULES!==undefined && window.RS_MODULES.modules!==undefined && window.RS_MODULES.modules[\"revslider11\"]!==undefined) {window.RS_MODULES.modules[\"revslider11\"].once = false;window.revapi1 = undefined;if (window.RS_MODULES.checkMinimal!==undefined) window.RS_MODULES.checkMinimal()}\n\t\t\t\t<\/script>\n\t\t\t<\/rs-module-wrap>\n\t\t\t<!-- END REVOLUTION SLIDER -->\n[\/vc_column][\/vc_row][vc_row full_width=&#8221;stretch_row_content&#8221; css_animation=&#8221;fadeInUp&#8221; css=&#8221;.vc_custom_1589425294923{margin-bottom: 60px !important;}&#8221; el_id=&#8221;conteudo&#8221;][vc_column width=&#8221;2\/3&#8243; css=&#8221;.vc_custom_1589422132747{padding-right: 50px !important;padding-left: 50px !important;}&#8221;][vc_column_text]<\/p>\n<div style=\"width: 800px;\" class=\"wp-video\"><video class=\"wp-video-shortcode\" id=\"video-30-1\" width=\"800\" height=\"450\" poster=\"http:\/\/rhsenior.com.br\/curso-online\/wp-content\/uploads\/2020\/05\/video_thumb-1.jpg\" preload=\"metadata\" controls=\"controls\"><source type=\"video\/mp4\" src=\"http:\/\/rhsenior.com.br\/curso-online\/wp-content\/uploads\/2020\/05\/curso_online_rhsenior.mp4?_=1\" \/><a href=\"http:\/\/rhsenior.com.br\/curso-online\/wp-content\/uploads\/2020\/05\/curso_online_rhsenior.mp4\">http:\/\/rhsenior.com.br\/curso-online\/wp-content\/uploads\/2020\/05\/curso_online_rhsenior.mp4<\/a><\/video><\/div>\n<p>[\/vc_column_text][\/vc_column][vc_column width=&#8221;1\/3&#8243; css=&#8221;.vc_custom_1589321717360{padding-left: 20px !important;}&#8221;][vc_custom_heading text=&#8221;CONTE\u00daDO PROGRAM\u00c1TICO&#8221; font_container=&#8221;tag:h2|font_size:28px|text_align:left|color:%23dd9933|line_height:32px&#8221; google_fonts=&#8221;font_family:Fjalla%20One%3Aregular|font_style:400%20regular%3A400%3Anormal&#8221;][vc_column_text el_class=&#8221;videosicone&#8221; css=&#8221;.vc_custom_1589422956245{margin-top: 0px !important;margin-bottom: 30px !important;padding-top: 0px !important;}&#8221;]<i class=\"fas fa-video\"><\/i> 16 V\u00eddeos[\/vc_column_text][vc_column_text el_class=&#8221;textconteudo&#8221;]<b>AULA 1 &#8211; <\/b>Introdu\u00e7\u00e3o a Consultoria de Cargos e Sal\u00e1rios<\/p>\n<p><b>AULA 2 &#8211; <\/b>An\u00e1lise de Cen\u00e1rio Atual<\/p>\n<p><b>AULA 3 &#8211; <\/b>Descri\u00e7\u00e3o de Cargos<\/p>\n<p><b>AULA 4 &#8211; <\/b>Avalia\u00e7\u00e3o e Classifica\u00e7\u00e3o de Cargos<\/p>\n<p><b>AULA 5 &#8211; <\/b>Pesquisa Salarial<\/p>\n<p><b>AULA 6 &#8211; <\/b>An\u00e1lise e Tratamento de Dados<\/p>\n<p><b>AULA 7 &#8211; <\/b>Elabora\u00e7\u00e3o da Tabela Salarial<\/p>\n<p><b>AULA 8 &#8211; <\/b>Elabora\u00e7\u00e3o da Pol\u00edtica Salarial[\/vc_column_text][\/vc_column][\/vc_row][vc_row full_width=&#8221;stretch_row&#8221; css_animation=&#8221;fadeInUp&#8221; css=&#8221;.vc_custom_1589426019198{margin-bottom: 80px !important;padding-bottom: 40px !important;background-image: url(http:\/\/rhsenior.com.br\/curso-online\/wp-content\/uploads\/2020\/05\/Aulas_Ao_vivo3.jpg?id=385) !important;}&#8221; el_id=&#8221;aulasaovivo&#8221;][vc_column][vc_row_inner][vc_column_inner width=&#8221;1\/2&#8243; css=&#8221;.vc_custom_1587603302692{padding-left: 15% !important;}&#8221;][\/vc_column_inner][vc_column_inner width=&#8221;1\/2&#8243;][vc_custom_heading text=&#8221;AULAS AO VIVO&#8221; font_container=&#8221;tag:h2|font_size:32px|text_align:left|color:%23ffffff|line_height:42px&#8221; google_fonts=&#8221;font_family:Fjalla%20One%3Aregular|font_style:400%20regular%3A400%3Anormal&#8221; css=&#8221;.vc_custom_1588780439551{margin-top: 40px !important;}&#8221;][vc_separator color=&#8221;orange&#8221; align=&#8221;align_left&#8221; border_width=&#8221;3&#8243; el_width=&#8221;20&#8243; css=&#8221;.vc_custom_1588780461124{margin-bottom: 30px !important;}&#8221;][vc_column_text]<strong><span style=\"color: #ffffff;\"><i class=\"fas fa-angle-right\"><\/i> Segundas &#8211; 18h \u00e0s 19h &#8211; An\u00e1lise de Cen\u00e1rio atual<\/span><\/strong><\/p>\n<p><span style=\"color: #ffffff;\"><strong><i class=\"fas fa-angle-right\"><\/i> Ter\u00e7as &#8211; 18h \u00e0s 20h &#8211; Classifica\u00e7\u00e3o de Cargos<\/strong><\/span><\/p>\n<p><span style=\"color: #ffffff;\"><strong><i class=\"fas fa-angle-right\"><\/i> Quartas &#8211; 18h \u00e0s 20h &#8211; Tabula\u00e7\u00e3o de Pesquisa<\/strong><\/span><\/p>\n<p><span style=\"color: #ffffff;\"><strong><i class=\"fas fa-angle-right\"><\/i> Quintas &#8211; 18h \u00e0s 20h &#8211; Tabela Salarial &#8211; Elaborar<\/strong><\/span><\/p>\n<p><span style=\"color: #ffffff;\"><strong><i class=\"fas fa-angle-right\"><\/i> Sextas &#8211; 18h \u00e0s 19h &#8211; Pol\u00edtica Salarial &#8211; Elaborar<\/strong><\/span><\/p>\n<h6><\/h6>\n<h6><span style=\"color: #999999;\"><strong>*Os hor\u00e1rios poder\u00e3o ser alterados para o turno da tarde, dependendo das demandas do professor (Consultor). O aluno ter\u00e1 direito ao longo de 30 dias participar das 32 horas de aulas ao vivo caso necessite de refor\u00e7o nas etapas abordadas, e ainda a consultoria via whats ou e-mail.<\/strong><\/span><\/h6>\n<p>[\/vc_column_text][\/vc_column_inner][\/vc_row_inner][\/vc_column][\/vc_row][vc_row css_animation=&#8221;none&#8221; css=&#8221;.vc_custom_1588780261297{margin-bottom: 60px !important;}&#8221; el_id=&#8221;professor&#8221;][vc_column width=&#8221;1\/3&#8243;][vc_single_image image=&#8221;153&#8243; img_size=&#8221;250&#215;380&#8243; alignment=&#8221;right&#8221; style=&#8221;vc_box_outline&#8221;][\/vc_column][vc_column width=&#8221;2\/3&#8243;][vc_custom_heading text=&#8221;Conhe\u00e7a o seu Professor&#8221; font_container=&#8221;tag:h2|font_size:32px|text_align:left|color:%23dd9933|line_height:42px&#8221; google_fonts=&#8221;font_family:Fjalla%20One%3Aregular|font_style:400%20regular%3A400%3Anormal&#8221; css=&#8221;.vc_custom_1589275834354{margin-top: 40px !important;}&#8221;][vc_column_text]<i class=\"fas fa-angle-right\"><\/i> Diretor da RH S\u00eanior Consultoria e Treinamento;<\/p>\n<p><i class=\"fas fa-angle-right\"><\/i> Professor de p\u00f3s-gradua\u00e7\u00e3o em gest\u00e3o empresarial e gest\u00e3o de pessoas;<\/p>\n<p><i class=\"fas fa-angle-right\"><\/i> Especialista em sistemas de recompensas como: cargos e sal\u00e1rios, remunera\u00e7\u00e3o vari\u00e1vel e benef\u00edcios;<\/p>\n<p><i class=\"fas fa-angle-right\"><\/i> Implantou Plano de Cargos e Sal\u00e1rios em mais de 40 empresas;<\/p>\n<p><i class=\"fas fa-angle-right\"><\/i> Atuou como professor univesit\u00e1rio nos cursos de administra\u00e7\u00e3o e gest\u00e3o de recursos humanos;<\/p>\n<p><i class=\"fas fa-angle-right\"><\/i> Trabalhou em empresas conceituadas como: Coca-Cola Brasil e PriceWaterhouseCoopers;<\/p>\n<p><i class=\"fas fa-angle-right\"><\/i> Escreveu o livro &#8220;RemunerA\u00e7\u00e3o, a\u00e7\u00f5es de cargos e sal\u00e1rios em prol da atra\u00e7\u00e3o e reten\u00e7\u00e3o de talentos&#8221;;<\/p>\n<p><i class=\"fas fa-angle-right\"><\/i> Colunista mensal na r\u00e1dio manchete online.[\/vc_column_text][\/vc_column][\/vc_row][vc_row full_width=&#8221;stretch_row&#8221; css_animation=&#8221;fadeInUp&#8221; css=&#8221;.vc_custom_1588780299214{margin-bottom: 0px !important;padding-bottom: 40px !important;background-color: #3b3838 !important;}&#8221; el_id=&#8221;materiais&#8221;][vc_column][vc_custom_heading text=&#8221;MATERIAIS DID\u00c1TICOS INCLUSOS&#8221; font_container=&#8221;tag:h2|font_size:32px|text_align:center|color:%23ffffff|line_height:42px&#8221; google_fonts=&#8221;font_family:Fjalla%20One%3Aregular|font_style:400%20regular%3A400%3Anormal&#8221; css=&#8221;.vc_custom_1587598330619{margin-top: 40px !important;}&#8221;][vc_separator color=&#8221;white&#8221; border_width=&#8221;3&#8243; el_width=&#8221;20&#8243; css=&#8221;.vc_custom_1587598060491{margin-bottom: 30px !important;}&#8221;][vc_row_inner][vc_column_inner width=&#8221;1\/6&#8243;][vc_icon icon_fontawesome=&#8221;fas fa-graduation-cap&#8221; color=&#8221;white&#8221; size=&#8221;xl&#8221; align=&#8221;center&#8221; css=&#8221;.vc_custom_1587600611078{padding-top: 30px !important;}&#8221;][\/vc_column_inner][vc_column_inner width=&#8221;2\/6&#8243;][vc_column_text]<\/p>\n<p style=\"line-height: 25px !important;\"><small><span style=\"color: #ffcc00;\"><i class=\"fas fa-angle-right\"><\/i><span style=\"color: #ffcc00;\"><strong> Exerc\u00edcios de Concilia\u00e7\u00e3o de CBO;<\/strong><\/span><\/span><br \/>\n<span style=\"color: #ffcc00;\"><i class=\"fas fa-angle-right\"><\/i><strong> Planilha de avalia\u00e7\u00e3o de cargos;<\/strong><\/span><br \/>\n<span style=\"color: #ffcc00;\"><i class=\"fas fa-angle-right\"><\/i><strong> Formul\u00e1rios de fatores;<\/strong><\/span><br \/>\n<span style=\"color: #ffcc00;\"><i class=\"fas fa-angle-right\"><\/i><strong> Modelos de descri\u00e7\u00e3o de cargos;<\/strong><\/span><br \/>\n<span style=\"color: #ffcc00;\"><i class=\"fas fa-angle-right\"><\/i><strong> Ferramenta em Excel de Tabula\u00e7\u00e3o de Cargos;<\/strong><\/span><br \/>\n<span style=\"color: #ffcc00;\"><i class=\"fas fa-angle-right\"><\/i><strong> Ferramenta de Excel de Tabela Salarial;<\/strong><\/span><\/small><\/p>\n<p>[\/vc_column_text][\/vc_column_inner][vc_column_inner width=&#8221;2\/6&#8243;][vc_column_text]<\/p>\n<p style=\"line-height: 25px !important;\"><small><span style=\"color: #ffcc00;\"><i class=\"fas fa-angle-right\"><\/i><span style=\"color: #ffcc00;\"><strong> Exerc\u00edcios de Simula\u00e7\u00e3o da elabora\u00e7\u00e3o da tabela salarial;<\/strong><\/span><\/span><br \/>\n<span style=\"color: #ffcc00;\"><i class=\"fas fa-angle-right\"><\/i><strong> Quest\u00f5es para elabora\u00e7\u00e3o da Pol\u00edtica Salarial;<\/strong><\/span><br \/>\n<span style=\"color: #ffcc00;\"><i class=\"fas fa-angle-right\"><\/i><strong> Modelo de Pol\u00edtica Salarial;<\/strong><\/span><br \/>\n<span style=\"color: #ffcc00;\"><i class=\"fas fa-angle-right\"><\/i><strong> Formul\u00e1rio de avalia\u00e7\u00e3o e an\u00e1lise de movimenta\u00e7\u00f5es internas;<\/strong><\/span><br \/>\n<span style=\"color: #ffcc00;\"><i class=\"fas fa-angle-right\"><\/i><strong> Livro eletr\u00f4nico de Remunera\u00e7\u00e3o do Professor do Curso;<\/strong><\/span><br \/>\n<span style=\"color: #ffcc00;\"><i class=\"fas fa-angle-right\"><\/i><strong> Slide de Aula.<\/strong><\/span><\/small><\/p>\n<p>[\/vc_column_text][\/vc_column_inner][vc_column_inner width=&#8221;1\/6&#8243;][vc_single_image image=&#8221;194&#8243;][\/vc_column_inner][\/vc_row_inner][\/vc_column][\/vc_row][vc_row][vc_column css=&#8221;.vc_custom_1602095891416{padding-bottom: 60px !important;}&#8221;][vc_custom_heading text=&#8221;DEPOIMENTOS&#8221; font_container=&#8221;tag:h2|font_size:32px|text_align:center|color:%23e89a35|line_height:42px&#8221; google_fonts=&#8221;font_family:Fjalla%20One%3Aregular|font_style:400%20regular%3A400%3Anormal&#8221; css=&#8221;.vc_custom_1602095842863{margin-top: 40px !important;}&#8221;][vc_separator color=&#8221;orange&#8221; border_width=&#8221;3&#8243; el_width=&#8221;20&#8243; css=&#8221;.vc_custom_1602095812642{margin-bottom: 30px !important;}&#8221;][vc_row_inner][vc_column_inner width=&#8221;1\/3&#8243;][vc_column_text]<\/p>\n<div style=\"width: 640px;\" class=\"wp-video\"><video class=\"wp-video-shortcode\" id=\"video-30-2\" width=\"640\" height=\"360\" preload=\"metadata\" controls=\"controls\"><source type=\"video\/mp4\" src=\"https:\/\/rhsenior.com.br\/wp-content\/uploads\/2020\/10\/Depoimento-Aline-turma-28-09.mp4?_=2\" \/><a href=\"https:\/\/rhsenior.com.br\/wp-content\/uploads\/2020\/10\/Depoimento-Aline-turma-28-09.mp4\">https:\/\/rhsenior.com.br\/wp-content\/uploads\/2020\/10\/Depoimento-Aline-turma-28-09.mp4<\/a><\/video><\/div>\n<p>[\/vc_column_text][\/vc_column_inner][vc_column_inner width=&#8221;1\/3&#8243;][vc_column_text]<\/p>\n<div style=\"width: 640px;\" class=\"wp-video\"><video class=\"wp-video-shortcode\" id=\"video-30-3\" width=\"640\" height=\"360\" preload=\"metadata\" controls=\"controls\"><source type=\"video\/mp4\" src=\"https:\/\/rhsenior.com.br\/wp-content\/uploads\/2020\/10\/Depoimento-Bruna-turma-28-09.mp4?_=3\" \/><a href=\"https:\/\/rhsenior.com.br\/wp-content\/uploads\/2020\/10\/Depoimento-Bruna-turma-28-09.mp4\">https:\/\/rhsenior.com.br\/wp-content\/uploads\/2020\/10\/Depoimento-Bruna-turma-28-09.mp4<\/a><\/video><\/div>\n<p>[\/vc_column_text][\/vc_column_inner][vc_column_inner width=&#8221;1\/3&#8243;][vc_column_text]<\/p>\n<div style=\"width: 640px;\" class=\"wp-video\"><video class=\"wp-video-shortcode\" id=\"video-30-4\" width=\"640\" height=\"360\" preload=\"metadata\" controls=\"controls\"><source type=\"video\/mp4\" src=\"https:\/\/rhsenior.com.br\/wp-content\/uploads\/2020\/10\/Depoimento-V\u00e2nia-turma-28-09.mp4?_=4\" \/><a href=\"https:\/\/rhsenior.com.br\/wp-content\/uploads\/2020\/10\/Depoimento-V\u00e2nia-turma-28-09.mp4\">https:\/\/rhsenior.com.br\/wp-content\/uploads\/2020\/10\/Depoimento-V\u00e2nia-turma-28-09.mp4<\/a><\/video><\/div>\n<p>[\/vc_column_text][\/vc_column_inner][\/vc_row_inner][\/vc_column][\/vc_row][vc_row full_width=&#8221;stretch_row&#8221; css_animation=&#8221;fadeInUp&#8221; css=&#8221;.vc_custom_1588780310043{margin-bottom: 0px !important;padding-top: 30px !important;padding-bottom: 30px !important;background-color: #044c74 !important;}&#8221;][vc_column width=&#8221;1\/2&#8243; css=&#8221;.vc_custom_1588296328001{padding-left: 20% !important;}&#8221;][vc_custom_heading text=&#8221;INSCREVA-SE NO CURSO E IMPULSIONE SUA CARREIRA&#8221; font_container=&#8221;tag:h2|font_size:38px|text_align:left|color:%23ffffff|line_height:62px&#8221; google_fonts=&#8221;font_family:Fjalla%20One%3Aregular|font_style:400%20regular%3A400%3Anormal&#8221; el_class=&#8221;inscrevase&#8221;][\/vc_column][vc_column width=&#8221;1\/2&#8243; el_class=&#8221;dirinscrevase&#8221; css=&#8221;.vc_custom_1588297221194{padding-left: 10% !important;}&#8221;][vc_custom_heading text=&#8221;NESTE CURSO VOC\u00ca TER\u00c1:&#8221; font_container=&#8221;tag:h2|font_size:26px|text_align:left|color:%23ffffff|line_height:32px&#8221; google_fonts=&#8221;font_family:Fjalla%20One%3Aregular|font_style:400%20regular%3A400%3Anormal&#8221;][vc_column_text]<span style=\"color: #ffffff;\"><strong><i class=\"fas fa-angle-right\"><\/i> AULAS AO VIVO<\/strong><\/span><\/p>\n<p><span style=\"color: #ffffff;\"><strong><i class=\"fas fa-angle-right\"><\/i> APOSTILA E MATERIAL DE APOIO<\/strong><\/span><\/p>\n<p><span style=\"color: #ffffff;\"><strong><i class=\"fas fa-angle-right\"><\/i> SUPORTE A D\u00daVIDAS VIA E-MAIL<\/strong><\/span><\/p>\n<p><span style=\"color: #ffffff;\"><strong><i class=\"fas fa-angle-right\"><\/i> CERTIFICADO DE CONCLUS\u00c3O<\/strong><\/span><\/p>\n<p><span style=\"color: #ffffff;\"><strong><i class=\"fas fa-angle-right\"><\/i> APOIO P\u00d3S CONCLUS\u00c3O POR 30 DIAS<\/strong><\/span>[\/vc_column_text][\/vc_column][\/vc_row][vc_row][vc_column][vc_custom_heading text=&#8221;ALGUMAS DE NOSSAS TURMAS &#8211; AULAS AO VIVO&#8221; font_container=&#8221;tag:h2|font_size:32px|text_align:center|color:%23dd9933|line_height:42px&#8221; google_fonts=&#8221;font_family:Fjalla%20One%3Aregular|font_style:400%20regular%3A400%3Anormal&#8221;][vc_single_image source=&#8221;external_link&#8221; external_img_size=&#8221;1.843 x 2.528&#8243; alignment=&#8221;center&#8221; custom_src=&#8221;http:\/\/rhsenior.com.br\/wp-content\/uploads\/2015\/04\/Turmas-Cargos-e-Sal\u00e1rios-online.jpg&#8221;][\/vc_column][\/vc_row]<\/p>\n<\/div>","protected":false},"excerpt":{"rendered":"<p>vc_row css=&#8221;.vc_custom_1587586275832{margin-bottom: 80px !important;}&#8221;vc_column\/vc_column\/vc_rowvc_row full_width=&#8221;stretch_row_content&#8221; css_animation=&#8221;fadeInUp&#8221; css=&#8221;.vc_custom_1589425294923{margin-bottom: 60px !important;}&#8221; el_id=&#8221;conteudo&#8221;vc_column width=&#8221;2\/3&#8243; css=&#8221;.vc_custom_1589422132747{padding-right: 50px !important;padding-left: 50px !important;}&#8221;vc_column_text \/vc_column_text\/vc_columnvc_column width=&#8221;1\/3&#8243; css=&#8221;.vc_custom_1589321717360{padding-left: 20px &hellip;<\/p>\n","protected":false},"author":1,"featured_media":0,"parent":0,"menu_order":0,"comment_status":"closed","ping_status":"closed","template":"notitle.php","meta":{"footnotes":""},"class_list":["post-30","page","type-page","status-publish","hentry"],"_links":{"self":[{"href":"https:\/\/rhsenior.com.br\/curso-online\/wp-json\/wp\/v2\/pages\/30","targetHints":{"allow":["GET"]}}],"collection":[{"href":"https:\/\/rhsenior.com.br\/curso-online\/wp-json\/wp\/v2\/pages"}],"about":[{"href":"https:\/\/rhsenior.com.br\/curso-online\/wp-json\/wp\/v2\/types\/page"}],"author":[{"embeddable":true,"href":"https:\/\/rhsenior.com.br\/curso-online\/wp-json\/wp\/v2\/users\/1"}],"replies":[{"embeddable":true,"href":"https:\/\/rhsenior.com.br\/curso-online\/wp-json\/wp\/v2\/comments?post=30"}],"version-history":[{"count":136,"href":"https:\/\/rhsenior.com.br\/curso-online\/wp-json\/wp\/v2\/pages\/30\/revisions"}],"predecessor-version":[{"id":876,"href":"https:\/\/rhsenior.com.br\/curso-online\/wp-json\/wp\/v2\/pages\/30\/revisions\/876"}],"wp:attachment":[{"href":"https:\/\/rhsenior.com.br\/curso-online\/wp-json\/wp\/v2\/media?parent=30"}],"curies":[{"name":"wp","href":"https:\/\/api.w.org\/{rel}","templated":true}]}}