{"id":2,"date":"2020-04-20T11:21:48","date_gmt":"2020-04-20T14:21:48","guid":{"rendered":"http:\/\/rhsenior.com.br\/curso-online\/?page_id=2"},"modified":"2021-04-19T12:27:55","modified_gmt":"2021-04-19T15:27:55","slug":"pagina-exemplo","status":"publish","type":"page","link":"https:\/\/rhsenior.com.br\/curso-online\/pagina-exemplo\/","title":{"rendered":"Perguntas Frequentes"},"content":{"rendered":"\n<p><strong>1 &#8211;<\/strong> <strong>Existe uma quantidade m\u00ednima de alunos para poder come\u00e7ar uma turma no curso?<\/strong><\/p>\n\n\n\n<p>N\u00e3o, o curso pode ser iniciado imediatamente ap\u00f3s aprova\u00e7\u00e3o do pagamento, no caso das aulas ao vivo o moderador poder\u00e1 limitar a entrada dos alunos naquela aula espec\u00edfica, para manter a qualidade do aprendizado, mas o aluno poder\u00e1 participar na pr\u00f3xima semana do mesmo tema da aula. Obs: Qu\u00f3rum m\u00ednimo de 4 alunos e m\u00e1ximo 10 alunos.<\/p>\n\n\n\n<p><strong>2 &#8211;<\/strong> <strong>As aulas s\u00e3o mesmo de segunda a sexta?<\/strong><\/p>\n\n\n\n<p>Sim, de segunda a sexta-feira voc\u00ea completa o ciclo das aulas em todos os temas abordados nas aulas gravadas, essas aulas servem para trabalhar esses temas de forma pr\u00e1tica.<\/p>\n\n\n\n<p><strong>3 &#8211;<\/strong> <strong>Posso continuar participando das aulas ao vivo mesmo j\u00e1 tendo completado todo o ciclo em rela\u00e7\u00e3o ao temas abordados?<\/strong><\/p>\n\n\n\n<p>Sim, no per\u00edodo de 30 dias voc\u00ea pode &#8220;saborear&#8221; tudo o que tiver direito nesse treinamento, participar quantas vezes voc\u00ea quiser das aulas ao vivo, rever as videoaulas gravadas, participar de f\u00f3runs e tirar d\u00favidas, via whats ou e-mail, com seu professor.<\/p>\n\n\n\n<p><strong>4 &#8211;<\/strong> <strong>Qual o e-mail de contato e o whats do professor do curso?<\/strong><\/p>\n\n\n\n<p> e-mail: contato@rhsenior.com.br e o Whats: (21) 99303-1721<\/p>\n\n\n\n<p><strong>5 &#8211;<\/strong> <strong>Fazendo todo o curso eu conseguirei implantar o plano de cargos e sal\u00e1rios em minha empresa?<\/strong><\/p>\n\n\n\n<p>Se voc\u00ea participar ativamente do curso, solicitar a assessoria a qual tem direito gratuito durante os 30 dias e praticar o que foi ensinado, sim voc\u00ea conseguir\u00e1 implantar e mais, conseguir\u00e1 multiplicar o que aprendeu aos seus colaboradores.<\/p>\n\n\n\n<p><strong>6 &#8211; Existem pr\u00e9-requisitos para participar desse curso?<\/strong><\/p>\n\n\n\n<p>N\u00e3o, o curso \u00e9 passado desde o b\u00e1sico at\u00e9 chegar nas fun\u00e7\u00f5es mais avan\u00e7adas, logo, se voc\u00ea participar desse curso, vai aprender do zero todas as etapas, tanto na teoria, quanto na pr\u00e1tica.<\/p>\n\n\n\n<p><strong>7 &#8211;<\/strong> <strong>Qual a carga hor\u00e1rio do curso?<\/strong><\/p>\n\n\n\n<p>Procuramos n\u00e3o estabelecer uma carga hor\u00e1ria fixa para este curso, apenas para efeito de certificado colocamos 16 horas, que \u00e9 a mesma carga hor\u00e1ria do presencial e da grande maioria dos cursos no mercado. O aluno que fizer esse curso aproveitando ele ao m\u00e1ximo, poder\u00e1 atingir mais 40 horas de carga sem contar o suporte de consultoria virtual durante os 30 dias ap\u00f3s o t\u00e9rmino das aulas.<\/p>\n\n\n\n<p><strong>8 &#8211;<\/strong> <strong>Cursos online com cargas hor\u00e1rias altas \u00e9 sin\u00f4nimo de qualidade?<\/strong><\/p>\n\n\n\n<p>Preferimos n\u00e3o nos referir a concorr\u00eancia e nos ater as nossas capacidades de entrega, a RH SENIOR est\u00e1 no mercado de treinamento e consultoria h\u00e1 mais de 10 anos e sempre conta com colaboradores que atendem ao mercado de consultoria para realizar nossos cursos, assim como faz na pr\u00e1tica do seu dia a dia e nesse curso especificamente, o pr\u00f3prio diretor da RH SENIOR \u00e9 quem ministra, utilizando sempre materiais de qualidade que fazem parte do cen\u00e1rio atual das nossas consultorias.<\/p>\n\n\n\n<p><strong>9 &#8211;<\/strong> <strong>Que materiais iremos ter para praticar?<\/strong><\/p>\n\n\n\n<p>Voc\u00ea ter\u00e1 acesso ao acervo de materiais da RH SENIOR para que voc\u00ea aprenda na pr\u00e1tica tudo o que foi abordado nas aulas te\u00f3ricas gravadas, s\u00e3o eles: Livro did\u00e1tico digital do professor Andr\u00e9 do Carmo, ferramenta de administra\u00e7\u00e3o do plano de cargos e sal\u00e1rios, modelo de descri\u00e7\u00e3o de cargos, exerc\u00edcios de concilia\u00e7\u00e3o de CBO, planilhas de avalia\u00e7\u00e3o de cargos, planilhas para conhecimento e elabora\u00e7\u00e3o na tabela salarial, planilhas para an\u00e1lise, tabula\u00e7\u00e3o e relat\u00f3rios salariais, modelo de pol\u00edtica salarial, planilha de an\u00e1lise de movimenta\u00e7\u00e3o interna, dentre outros.<\/p>\n\n\n\n<p><strong>10 &#8211; Quando terminar o curso terei facilidade em participar de uma processo seletivo quando for abordado o tema cargos e sal\u00e1rios?<\/strong><\/p>\n\n\n\n<p>Em nosso curso temos diversos relatos de ex-alunos que se inseriram ou se recolocaram na \u00e1rea de RH por terem conhecimentos em cargos e sal\u00e1rios, mesmo tendo participado de um processo pra RH generalista, como a \u00e1rea de cargos e sal\u00e1rios \u00e9 muito carente de bons profissionais, o curso vai lhe oferecer esse diferencial, logo voc\u00ea ter\u00e1 mais seguran\u00e7a em responder perguntas do recrutador voltadas para remunera\u00e7\u00e3o, o que far\u00e1 de voc\u00ea um candidato diferenciado.<\/p>\n","protected":false},"excerpt":{"rendered":"<p>1 &#8211; Existe uma quantidade m\u00ednima de alunos para poder come\u00e7ar uma turma no curso? N\u00e3o, o curso pode ser &hellip;<\/p>\n","protected":false},"author":1,"featured_media":0,"parent":0,"menu_order":0,"comment_status":"closed","ping_status":"open","template":"","meta":{"footnotes":""},"class_list":["post-2","page","type-page","status-publish","hentry"],"_links":{"self":[{"href":"https:\/\/rhsenior.com.br\/curso-online\/wp-json\/wp\/v2\/pages\/2","targetHints":{"allow":["GET"]}}],"collection":[{"href":"https:\/\/rhsenior.com.br\/curso-online\/wp-json\/wp\/v2\/pages"}],"about":[{"href":"https:\/\/rhsenior.com.br\/curso-online\/wp-json\/wp\/v2\/types\/page"}],"author":[{"embeddable":true,"href":"https:\/\/rhsenior.com.br\/curso-online\/wp-json\/wp\/v2\/users\/1"}],"replies":[{"embeddable":true,"href":"https:\/\/rhsenior.com.br\/curso-online\/wp-json\/wp\/v2\/comments?post=2"}],"version-history":[{"count":9,"href":"https:\/\/rhsenior.com.br\/curso-online\/wp-json\/wp\/v2\/pages\/2\/revisions"}],"predecessor-version":[{"id":922,"href":"https:\/\/rhsenior.com.br\/curso-online\/wp-json\/wp\/v2\/pages\/2\/revisions\/922"}],"wp:attachment":[{"href":"https:\/\/rhsenior.com.br\/curso-online\/wp-json\/wp\/v2\/media?parent=2"}],"curies":[{"name":"wp","href":"https:\/\/api.w.org\/{rel}","templated":true}]}}